{"id":18455,"date":"2022-09-19T09:06:40","date_gmt":"2022-09-19T07:06:40","guid":{"rendered":"https:\/\/bastl.pro\/blog\/"},"modified":"2022-09-19T09:50:57","modified_gmt":"2022-09-19T07:50:57","slug":"blog","status":"publish","type":"page","link":"https:\/\/bastl.pro\/de\/blog\/","title":{"rendered":"Blog"},"content":{"rendered":"<div class=\"vgblk-rw-wrapper limit-wrapper\">\n<meta itemprop=\"datePublished\" content=\"2022-04-08\"><meta itemprop=\"dateModified\" content=\"2022-09-15\"><meta itemprop=\"name\" content=\"Bastl d.o.o.\"><meta itemprop=\"url\" content=\"https:\/\/bastl.pro\"><meta itemprop=\"url\" content=\"https:\/\/bastl.pro\/wp-content\/uploads\/2020\/04\/Bast-logo2.png\"><meta itemprop=\"url\" content=\"https:\/\/bastl.pro\/author\/bastl\/\"><meta itemprop=\"name\" content=\"Bastl d.o.o.\"><meta itemprop=\"url\" content=\"https:\/\/bastl.pro\/wp-content\/uploads\/2022\/09\/izpusti-co2-scaled.jpeg\"><meta itemprop=\"width\" content=\"2560\"><meta itemprop=\"height\" content=\"923\"><meta itemprop=\"interactionType\" content=\"http:\/\/schema.org\/CommentAction\"><meta itemprop=\"userInteractionCount\" content=\"0\">\t\n\t\t\t\t\t\t\t\t\t<a href=\"https:\/\/bastl.pro\/obvestilo-1\/\" title=\"Zmanj\u0161anje emisij CO2 do 2030\">\n\t\t\t\t\t\t<img decoding=\"async\" width=\"420\" height=\"151\" src=\"https:\/\/bastl.pro\/wp-content\/uploads\/2022\/09\/izpusti-co2-420x151.jpeg\" alt=\"\" srcset=\"data:image\/svg+xml;utf8,<svg%20xmlns=&quot;http:\/\/www.w3.org\/2000\/svg&quot;%20viewBox=&quot;0%200%20420%20151&quot;%20height=&quot;151px&quot;%20width=&quot;420px&quot;\/>&#8221; data-srcset=&#8221;https:\/\/bastl.pro\/wp-content\/uploads\/2022\/09\/izpusti-co2-420&#215;151.jpeg 420w, https:\/\/bastl.pro\/wp-content\/uploads\/2022\/09\/izpusti-co2-300&#215;108.jpeg 300w, https:\/\/bastl.pro\/wp-content\/uploads\/2022\/09\/izpusti-co2-1024&#215;369.jpeg 1024w, https:\/\/bastl.pro\/wp-content\/uploads\/2022\/09\/izpusti-co2-768&#215;277.jpeg 768w, https:\/\/bastl.pro\/wp-content\/uploads\/2022\/09\/izpusti-co2-1536&#215;554.jpeg 1536w, https:\/\/bastl.pro\/wp-content\/uploads\/2022\/09\/izpusti-co2-2048&#215;739.jpeg 2048w, https:\/\/bastl.pro\/wp-content\/uploads\/2022\/09\/izpusti-co2-1260&#215;454.jpeg 1260w, https:\/\/bastl.pro\/wp-content\/uploads\/2022\/09\/izpusti-co2-630&#215;227.jpeg 630w, https:\/\/bastl.pro\/wp-content\/uploads\/2022\/09\/izpusti-co2-840&#215;303.jpeg 840w, https:\/\/bastl.pro\/wp-content\/uploads\/2022\/09\/izpusti-co2-315&#215;114.jpeg 315w&#8221; sizes=&#8221;(min-width: 900px) 50vw, 100vw&#8221;>\t\t\t\t\t\tvamtam-theme-circle-post\t\t\t\t\t<\/a>\n\t\t\t\t\t\ue06c Category <a href=\"https:\/\/bastl.pro\/category\/podnebne-spremembe\/\" rel=\"category tag\">PODNEBNE SPREMEMBE<\/a>\n\t\t\t\t\t\t\t<header>\n\t\t\t\t<h4>\n\t\t\t\t\t<a href=\"https:\/\/bastl.pro\/obvestilo-1\/\" title=\"Zmanj\u0161anje emisij CO2 do 2030\">Zmanj\u0161anje emisij CO2 do 2030<\/a>\n\t\t\t\t<\/h4>\n\t\t<\/header>\n\t\t<a href=\"https:\/\/bastl.pro\/obvestilo-1\/\" title=\"Zmanj\u0161anje emisij CO2 do 2030\">\n\t\t\t08\/04\/2022\t\t<\/a>\n\t<a href=\"https:\/\/bastl.pro\/wp-admin\/post.php?post=17441&amp;action=edit&amp;lang=sl\">\ue009Edit<\/a>\n\t\t\t\tGlobalno segrevanje, podnebne spremembe, ki so iz leta v leto bolj intenzivne in se pojavljajo v obliki vi\u0161jih temperatur, dolgih su\u0161 ter mo\u010dnih neurjih, orkanih, bodo v prihodnosti imele velik vpliv na \u017eivljenje vsakega posameznika kot tudi na celotno dru\u017ebo in vse poslovne dejavnosti.\t\t\t\n\t\t\t\t\t\ue075 Tags <a href=\"https:\/\/bastl.pro\/tag\/podnebne-spremembe\/\" rel=\"tag\">PODNEBNE SPREMEMBE<\/a>\t\t\t\t\n\t\t\t<a href=\"https:\/\/bastl.pro\/obvestilo-1\/\" target=\"_self\" role=\"button\" rel=\"noopener\">\n\t\t\t\tRead More\n\t\t\t<\/a>\n\t<meta itemprop=\"datePublished\" content=\"2020-03-25\"><meta itemprop=\"dateModified\" content=\"2022-02-02\"><meta itemprop=\"name\" content=\"Bastl d.o.o.\"><meta itemprop=\"url\" content=\"https:\/\/bastl.pro\"><meta itemprop=\"url\" content=\"https:\/\/bastl.pro\/wp-content\/uploads\/2020\/04\/Bast-logo2.png\"><meta itemprop=\"url\" content=\"https:\/\/bastl.pro\/author\/bastl\/\"><meta itemprop=\"name\" content=\"Bastl d.o.o.\"><meta itemprop=\"url\" content=\"https:\/\/bastl.pro\/wp-content\/uploads\/2020\/03\/worker.png\"><meta itemprop=\"width\" content=\"1920\"><meta itemprop=\"height\" content=\"1280\"><meta itemprop=\"interactionType\" content=\"http:\/\/schema.org\/CommentAction\"><meta itemprop=\"userInteractionCount\" content=\"0\">\t\n\t\t\t\t\t\t\t\t\t<a href=\"https:\/\/bastl.pro\/obvestilo-2\/\" title=\"Zasebno: Obvestilo 2\">\n\t\t\t\t\t\t<img decoding=\"async\" width=\"420\" height=\"280\" src=\"https:\/\/bastl.pro\/wp-content\/uploads\/2020\/03\/worker-420x280.png\" alt=\"\" srcset=\"data:image\/svg+xml;utf8,<svg%20xmlns=&quot;http:\/\/www.w3.org\/2000\/svg&quot;%20viewBox=&quot;0%200%20420%20280&quot;%20height=&quot;280px&quot;%20width=&quot;420px&quot;\/>&#8221; data-srcset=&#8221;https:\/\/bastl.pro\/wp-content\/uploads\/2020\/03\/worker-420&#215;280.png 420w, https:\/\/bastl.pro\/wp-content\/uploads\/2020\/03\/worker-300&#215;200.png 300w, https:\/\/bastl.pro\/wp-content\/uploads\/2020\/03\/worker-1024&#215;683.png 1024w, https:\/\/bastl.pro\/wp-content\/uploads\/2020\/03\/worker-768&#215;512.png 768w, https:\/\/bastl.pro\/wp-content\/uploads\/2020\/03\/worker-1536&#215;1024.png 1536w, https:\/\/bastl.pro\/wp-content\/uploads\/2020\/03\/worker-1260&#215;840.png 1260w, https:\/\/bastl.pro\/wp-content\/uploads\/2020\/03\/worker-630&#215;420.png 630w, https:\/\/bastl.pro\/wp-content\/uploads\/2020\/03\/worker-840&#215;560.png 840w, https:\/\/bastl.pro\/wp-content\/uploads\/2020\/03\/worker-315&#215;210.png 315w, https:\/\/bastl.pro\/wp-content\/uploads\/2020\/03\/worker.png 1920w&#8221; sizes=&#8221;(min-width: 900px) 50vw, 100vw&#8221;>\t\t\t\t\t\tvamtam-theme-circle-post\t\t\t\t\t<\/a>\n\t\t\t\t\t\ue06c Category <a href=\"https:\/\/bastl.pro\/category\/uncategorized-sl\/\" rel=\"category tag\">Uncategorized @sl<\/a>\n\t\t\t\t\t\t\t<header>\n\t\t\t\t<h4>\n\t\t\t\t\t<a href=\"https:\/\/bastl.pro\/obvestilo-2\/\" title=\"Zasebno: Obvestilo 2\">Zasebno: Obvestilo 2<\/a>\n\t\t\t\t<\/h4>\n\t\t<\/header>\n\t\t<a href=\"https:\/\/bastl.pro\/obvestilo-2\/\" title=\"Zasebno: Obvestilo 2\">\n\t\t\t25\/03\/2020\t\t<\/a>\n\t<a href=\"https:\/\/bastl.pro\/wp-admin\/post.php?post=17437&amp;action=edit&amp;lang=sl\">\ue009Edit<\/a>\n\t\t\t\tLorem ipsum dolor sit amet, consectetur adipiscing elit. Donec porttitor ante sed mi rutrum facilisis. Duis maximus eget neque sit amet sagittis. \t\t\t\n\t\t\t<a href=\"https:\/\/bastl.pro\/obvestilo-2\/\" target=\"_self\" role=\"button\" rel=\"noopener\">\n\t\t\t\tRead More\n\t\t\t<\/a>\n\t<meta itemprop=\"datePublished\" content=\"2014-09-01\"><meta itemprop=\"dateModified\" content=\"2022-02-02\"><meta itemprop=\"name\" content=\"Bastl d.o.o.\"><meta itemprop=\"url\" content=\"https:\/\/bastl.pro\"><meta itemprop=\"url\" content=\"https:\/\/bastl.pro\/wp-content\/uploads\/2020\/04\/Bast-logo2.png\"><meta itemprop=\"url\" content=\"https:\/\/bastl.pro\/author\/bastl\/\"><meta itemprop=\"name\" content=\"Bastl d.o.o.\"><meta itemprop=\"url\" content=\"https:\/\/bastl.pro\/wp-content\/uploads\/2017\/04\/post2.jpg\"><meta itemprop=\"width\" content=\"1200\"><meta itemprop=\"height\" content=\"800\"><meta itemprop=\"interactionType\" content=\"http:\/\/schema.org\/CommentAction\"><meta itemprop=\"userInteractionCount\" content=\"0\">\t\n\t\t\t\t\t\t\t\t\t<a href=\"https:\/\/bastl.pro\/obvestilo-3\/\" title=\"Zasebno: Obvestilo 3\">\n\t\t\t\t\t\t<img decoding=\"async\" width=\"420\" height=\"280\" src=\"https:\/\/bastl.pro\/wp-content\/uploads\/2017\/04\/post2-420x280.jpg\" alt=\"\" srcset=\"data:image\/svg+xml;utf8,<svg%20xmlns=&quot;http:\/\/www.w3.org\/2000\/svg&quot;%20viewBox=&quot;0%200%20420%20280&quot;%20height=&quot;280px&quot;%20width=&quot;420px&quot;\/>&#8221; data-srcset=&#8221;https:\/\/bastl.pro\/wp-content\/uploads\/2017\/04\/post2-420&#215;280.jpg 420w, https:\/\/bastl.pro\/wp-content\/uploads\/2017\/04\/post2-300&#215;200.jpg 300w, https:\/\/bastl.pro\/wp-content\/uploads\/2017\/04\/post2-1024&#215;683.jpg 1024w, https:\/\/bastl.pro\/wp-content\/uploads\/2017\/04\/post2-768&#215;512.jpg 768w, https:\/\/bastl.pro\/wp-content\/uploads\/2017\/04\/post2-630&#215;420.jpg 630w, https:\/\/bastl.pro\/wp-content\/uploads\/2017\/04\/post2-840&#215;560.jpg 840w, https:\/\/bastl.pro\/wp-content\/uploads\/2017\/04\/post2-315&#215;210.jpg 315w, https:\/\/bastl.pro\/wp-content\/uploads\/2017\/04\/post2.jpg 1200w&#8221; sizes=&#8221;(min-width: 900px) 50vw, 100vw&#8221;>\t\t\t\t\t\tvamtam-theme-circle-post\t\t\t\t\t<\/a>\n\t\t\t\t\t\ue06c Category <a href=\"https:\/\/bastl.pro\/category\/uncategorized-sl\/\" rel=\"category tag\">Uncategorized @sl<\/a>\n\t\t\t\t\t\t\t<header>\n\t\t\t\t<h4>\n\t\t\t\t\t<a href=\"https:\/\/bastl.pro\/obvestilo-3\/\" title=\"Zasebno: Obvestilo 3\">Zasebno: Obvestilo 3<\/a>\n\t\t\t\t<\/h4>\n\t\t<\/header>\n\t\t<a href=\"https:\/\/bastl.pro\/obvestilo-3\/\" title=\"Zasebno: Obvestilo 3\">\n\t\t\t01\/09\/2014\t\t<\/a>\n\t<a href=\"https:\/\/bastl.pro\/wp-admin\/post.php?post=6748&amp;action=edit&amp;lang=sl\">\ue009Edit<\/a>\n\t\t\t\tLorem ipsum dolor sit amet, consectetur adipiscing elit. Donec porttitor ante sed mi rutrum facilisis. Duis maximus eget neque sit amet sagittis. \t\t\t\n\t\t\t<a href=\"https:\/\/bastl.pro\/obvestilo-3\/\" target=\"_self\" role=\"button\" rel=\"noopener\">\n\t\t\t\tRead More\n\t\t\t<\/a>\n<\/div><!-- .vgblk-rw-wrapper -->","protected":false},"excerpt":{"rendered":"<p>vamtam-theme-circle-post \ue06c Category Uncategorized @sl Zasebno: Obvestilo 2 25\/03\/2020 \ue009Edit Lorem ipsum dolor sit amet, consectetur adipiscing elit. Donec porttitor ante sed mi rutrum facilisis. Duis maximus eget neque sit amet sagittis. Read More<\/p>\n","protected":false},"author":1,"featured_media":0,"parent":0,"menu_order":0,"comment_status":"closed","ping_status":"closed","template":"","meta":{"inline_featured_image":false,"footnotes":""},"class_list":["post-18455","page","type-page","status-publish","hentry"],"_links":{"self":[{"href":"https:\/\/bastl.pro\/de\/wp-json\/wp\/v2\/pages\/18455","targetHints":{"allow":["GET"]}}],"collection":[{"href":"https:\/\/bastl.pro\/de\/wp-json\/wp\/v2\/pages"}],"about":[{"href":"https:\/\/bastl.pro\/de\/wp-json\/wp\/v2\/types\/page"}],"author":[{"embeddable":true,"href":"https:\/\/bastl.pro\/de\/wp-json\/wp\/v2\/users\/1"}],"replies":[{"embeddable":true,"href":"https:\/\/bastl.pro\/de\/wp-json\/wp\/v2\/comments?post=18455"}],"version-history":[{"count":0,"href":"https:\/\/bastl.pro\/de\/wp-json\/wp\/v2\/pages\/18455\/revisions"}],"wp:attachment":[{"href":"https:\/\/bastl.pro\/de\/wp-json\/wp\/v2\/media?parent=18455"}],"curies":[{"name":"wp","href":"https:\/\/api.w.org\/{rel}","templated":true}]}}