{"id":18025,"date":"2020-05-06T12:47:24","date_gmt":"2020-05-06T11:47:24","guid":{"rendered":"https:\/\/bastl.freshlab.si\/?page_id=18025"},"modified":"2024-11-18T13:49:30","modified_gmt":"2024-11-18T12:49:30","slug":"produkte","status":"publish","type":"page","link":"https:\/\/bastl.pro\/de\/produkte\/","title":{"rendered":"Produkte"},"content":{"rendered":"<div class=\"vgblk-rw-wrapper limit-wrapper\">\n<h5>\n\t TOP QUALIT\u00c4T\n\t<\/h5>\n<h2>\n\t<strong> Unsere Produkte<\/strong>\n\t<\/h2>\n<h3>\n\t\t\t<a href=\"https:\/\/bastl.pro\/de\/produkte\/#zahnrader\" title=\"Zahnr\u00e4der\" target=\"_self\" rel=\"noopener noreferrer\">\n\tZahnr\u00e4der\n\t\t\t<\/a>\n\t<\/h3>\n<article id=\"post-64\">\n<p>Wir bieten Service und Reparatur von Reduzierst\u00fccken und Multiplikatoren.<\/p>\n<\/article>\n<h3>\n\t\t\t<a href=\"https:\/\/bastl.pro\/de\/produkte\/#kettenrader\" title=\"Kettenr\u00e4der\" target=\"_self\" rel=\"noopener noreferrer\">\n\tKettenr\u00e4der\n\t\t\t<\/a>\n\t<\/h3>\n\tWir bieten alle Arten von Bearbeitungsdienstleistungen an.\n<h3>\n\t\t\t<a href=\"https:\/\/bastl.pro\/de\/produkte\/#getriebsteile\" title=\"Getriebeteile\" target=\"_self\" rel=\"noopener noreferrer\">\n\tGetriebeteile\n\t\t\t<\/a>\n\t<\/h3>\n<article id=\"post-64\">\n<p>Wir bieten Service und Reparatur von Reduzierst\u00fccken und Multiplikatoren.<\/p>\n<\/article>\n<h3>\n\t\t\t<a href=\"https:\/\/bastl.pro\/de\/produkte\/#kettenrader\" title=\"Getriebe und Multiplikatoren\" target=\"_self\" rel=\"noopener noreferrer\">\n\tGetriebe und Multiplikatoren\n\t\t\t<\/a>\n\t<\/h3>\n<article id=\"post-64\">\n<p>Wir bieten Service und Reparatur von Reduzierst\u00fccken und Multiplikatoren.<\/p>\n<\/article>\n<h3>\n\t\t\t<a href=\"https:\/\/bastl.pro\/de\/produkte\/#rollen\" title=\"Rollen\" target=\"_self\" rel=\"noopener noreferrer\">\n\tRollen\n\t\t\t<\/a>\n\t<\/h3>\n<article id=\"post-64\">\n<p>Wir bieten Service und Reparatur von Reduzierst\u00fccken und Multiplikatoren.<\/p>\n<\/article>\n<h2>\n\tZahnr\u00e4der\n\t<\/h2>\n<h4>\n\tAu\u00dfenverzahnungen\n\t<\/h4>\n\t<ul>\n<li>Gefr\u00e4st und \/ oder gemahlen Q \u2265 5<\/li>\n<li>Geradverzahnungen M 0,7 &#8211; M 28, Durchmesser bis 900 mm<\/li>\n<li>Schr\u00e4gverzahnungen M 0,7 &#8211; M 28, Durchmesser bis 900 mm<\/li>\n<\/ul>\n<h4>\n\tInnenverzahnungen\n\t<\/h4>\n\t<ul>\n<li>Gestossen und gezogen<\/li>\n<li>Geradverzahnungen M 1 -M 10, Verzahnungsl\u00e4nge bis  230 mm<\/li>\n<\/ul>\n\t\t\t\t\t\t\t<img decoding=\"async\" src=\"https:\/\/bastl.pro\/wp-content\/uploads\/2021\/06\/Zobniki_365x365.jpg\" alt=\"\" itemprop=\"image\" onerror=\"this.style.display='none'\"  \/>\n\t\t\t\t\t\t\t<img decoding=\"async\" src=\"https:\/\/bastl.pro\/wp-content\/uploads\/2021\/06\/Zobniki_de-scaled.jpg\" alt=\"\" itemprop=\"image\" onerror=\"this.style.display='none'\"  \/>\n\t\t\t\t\t\t\t<img decoding=\"async\" src=\"https:\/\/bastl.pro\/wp-content\/uploads\/2017\/01\/notranje_ozobljenje.jpg\" alt=\"\" itemprop=\"image\" onerror=\"this.style.display='none'\"  \/>\n<h5>\n\tTECHNOLOGIEN DER ZUKUNFT\n\t<\/h5>\n<h2>\n\tDrehen die <b>Welt um<\/b>\n\t<\/h2>\n\t<p>Mit zuverl\u00e4ssiger Arbeit und Qualit\u00e4tspartnerschaften schaffen wir eine bessere Zukunft.<\/p>\n\t<a href=\"https:\/\/bastl.pro\/de\/uber-uns\/\" target=\"_self\" role=\"button\" rel=\"noopener noreferrer\">\n\t\t\t\t\t\u00dcber uns\n\t<\/a>\n<h2>\n\tKettenr\u00e4der\n\t<\/h2>\n<h2>\n\tGetriebe und Multiplikatoren\n\t<\/h2>\n<h4>\n\tEinreihige, zweireihige und mehrreihige Kettenr\u00e4der.\n\t<\/h4>\n\t<p>Von 3\/8\u02ee bis 6\/4\u02ee Durchmesserbis 1500 mm<\/p>\n\t\t\t\t\t\t\t<img decoding=\"async\" src=\"https:\/\/bastl.pro\/wp-content\/uploads\/2020\/03\/Veri\u017eniki-2-768x576-1.jpg\" alt=\"\" itemprop=\"image\" onerror=\"this.style.display='none'\"  \/>\n<h4>\n\tNach dem Muster des Kunden\n\t<\/h4>\n\t<p>V\u00f6llige Freiheit bei der Herstellung<\/p>\n\t\t\t\t\t\t\t<img decoding=\"async\" src=\"https:\/\/bastl.pro\/wp-content\/uploads\/2020\/03\/Reduktorji-3-768x432-1.jpg\" alt=\"\" itemprop=\"image\" onerror=\"this.style.display='none'\"  \/>\n<h4>\n\tNach dem Muster \n\t<\/h4>\n\tProdukte von h\u00f6chster Qualit\u00e4t\n\t\t\t\t\t\t\t<img decoding=\"async\" src=\"https:\/\/bastl.pro\/wp-content\/uploads\/2020\/03\/reduktorji_2-768x432-1.jpg\" alt=\"\" itemprop=\"image\" onerror=\"this.style.display='none'\"  \/>\n<h2>\n\tGetriebeteile\n\t<\/h2>\n<h4>\n\tWir herstellen\n\t<\/h4>\n\t<ul>\n<li>Wellen<\/li>\n<li>Zahnwellen<\/li>\n<li>Ritzel<\/li>\n<li>Gelenkwellen<\/li>\n<li>Keilwellen<\/li>\n<li>Antriebs Buchsen<\/li>\n<li>Verzahnte Buchsen<\/li>\n<li>Riemenscheiben<\/li>\n<li>Flansche<\/li>\n<\/ul>\n\t\t\t\t\t\t\t<img decoding=\"async\" src=\"https:\/\/bastl.pro\/wp-content\/uploads\/2020\/03\/pogonski_deli2-768x1024-1.jpg\" alt=\"\" itemprop=\"image\" onerror=\"this.style.display='none'\"  \/>\n\t\t\t\t\t\t\t<img decoding=\"async\" src=\"https:\/\/bastl.pro\/wp-content\/uploads\/2020\/03\/Ostali-izdelki-3.jpg\" alt=\"\" itemprop=\"image\" onerror=\"this.style.display='none'\"  \/>\n\t\t\t\t\t\t\t<img decoding=\"async\" src=\"https:\/\/bastl.pro\/wp-content\/uploads\/2021\/06\/Pogonski-deli_365x365.jpg\" alt=\"\" itemprop=\"image\" onerror=\"this.style.display='none'\"  \/>\n<h2>\n\tRollen\n\t<\/h2>\n<h4>\n\t Rollen zum Richten\n\t<\/h4>\n\t<p>Von 3\/8\u02ee bis 6\/4\u02ee Durchmesser bis 1500 mm<\/p>\n\t\t\t\t\t\t\t<img decoding=\"async\" src=\"https:\/\/bastl.pro\/wp-content\/uploads\/2020\/03\/Valji-2-1.jpg\" alt=\"\" itemprop=\"image\" onerror=\"this.style.display='none'\"  \/>\n<h4>\n\tProfilierrollen und Transportrollen\n\t<\/h4>\n\t<p>Von 3\/8\u02ee bis 6\/4\u02ee Durchmesser bis 1500 mm<\/p>\n\t\t\t\t\t\t\t<img decoding=\"async\" src=\"https:\/\/bastl.pro\/wp-content\/uploads\/2020\/03\/valji_1.jpg\" alt=\"\" itemprop=\"image\" onerror=\"this.style.display='none'\"  \/>\n\n<\/div><!-- .vgblk-rw-wrapper -->","protected":false},"excerpt":{"rendered":"<p>TOP QUALIT\u00c4T Unsere Produkte Zahnr\u00e4der Wir bieten Service und Reparatur von Reduzierst\u00fccken und Multiplikatoren. Kettenr\u00e4der Wir bieten alle Arten von Bearbeitungsdienstleistungen an. Getriebeteile Wir bieten Service und Reparatur von Reduzierst\u00fccken und Multiplikatoren. Getriebe und Multiplikatoren Wir bieten Service und Reparatur von Reduzierst\u00fccken und Multiplikatoren. Rollen Wir bieten Service und Reparatur von Reduzierst\u00fccken und Multiplikatoren. Zahnr\u00e4der&#8230;<\/p>\n","protected":false},"author":2,"featured_media":0,"parent":0,"menu_order":0,"comment_status":"closed","ping_status":"closed","template":"","meta":{"inline_featured_image":false,"footnotes":""},"class_list":["post-18025","page","type-page","status-publish","hentry"],"_links":{"self":[{"href":"https:\/\/bastl.pro\/de\/wp-json\/wp\/v2\/pages\/18025","targetHints":{"allow":["GET"]}}],"collection":[{"href":"https:\/\/bastl.pro\/de\/wp-json\/wp\/v2\/pages"}],"about":[{"href":"https:\/\/bastl.pro\/de\/wp-json\/wp\/v2\/types\/page"}],"author":[{"embeddable":true,"href":"https:\/\/bastl.pro\/de\/wp-json\/wp\/v2\/users\/2"}],"replies":[{"embeddable":true,"href":"https:\/\/bastl.pro\/de\/wp-json\/wp\/v2\/comments?post=18025"}],"version-history":[{"count":0,"href":"https:\/\/bastl.pro\/de\/wp-json\/wp\/v2\/pages\/18025\/revisions"}],"wp:attachment":[{"href":"https:\/\/bastl.pro\/de\/wp-json\/wp\/v2\/media?parent=18025"}],"curies":[{"name":"wp","href":"https:\/\/api.w.org\/{rel}","templated":true}]}}