{"id":17592,"date":"2017-04-26T15:07:13","date_gmt":"2017-04-26T14:07:13","guid":{"rendered":"https:\/\/bastl.freshlab.si\/?page_id=17592"},"modified":"2020-09-18T08:41:33","modified_gmt":"2020-09-18T07:41:33","slug":"branchen","status":"publish","type":"page","link":"https:\/\/bastl.pro\/de\/branchen\/","title":{"rendered":"Branchen"},"content":{"rendered":"<div class=\"vgblk-rw-wrapper limit-wrapper\">\n<h2>\n\tIndustrien entwickeln, in <b> denen wir pr\u00e4sent sind <\/b>\n\t<\/h2>\n\t<p><strong>Maschinenbau<\/strong><\/p>\nHochwertige Produkte werden in verschiedenen Maschinen und Ger\u00e4ten als Antriebselemente installiert, die zu einer effizienteren Nutzung mechanischer Energie und zur Verringerung der Umweltbelastung beitragen.\n<p><strong>Bau- und Bergbauindustrie<\/strong><\/p>\nDie Produkte sind Bestandteile anspruchsvoller Antriebselemente verschiedener Bau- und Bergbaumaschinen, die auch f\u00fcr schwierigere Arbeitsbedingungen und h\u00f6here Lasten geeignet sind.\n<p><strong>Windindustrie<\/strong><\/p>\n<p>Eingebaute Produkte sind Bestandteile der Endprodukte, die umweltfreundliche Energie erzeugen und tragen so zur langfristigen Erhaltung unserer Umwelt und sauberen Natur bei.<\/p>\n<p><strong>Anh\u00e4ngerindustrie<\/strong><\/p>\nAnspruchsvolle Produkte bilden Antriebsbaugruppen, Ger\u00e4te und Anh\u00e4nger, die zusammen mit anderen Segmenten die Endprodukte f\u00fcr eine bessere Freizeitgestaltung bilden.\n<strong>Land- und Forstwirtschaft<\/strong>\nVerschiedene Elemente und Produkte f\u00fcr die Land- und Forsttechnik machen die Arbeit im Wald oder auf dem Feld sicher, einfacher und effizienter\n<\/div><!-- .vgblk-rw-wrapper -->","protected":false},"excerpt":{"rendered":"<p>Industrien entwickeln, in denen wir pr\u00e4sent sind Maschinenbau Hochwertige Produkte werden in verschiedenen Maschinen und Ger\u00e4ten als Antriebselemente installiert, die zu einer effizienteren Nutzung mechanischer Energie und zur Verringerung der Umweltbelastung beitragen. Bau- und Bergbauindustrie Die Produkte sind Bestandteile anspruchsvoller Antriebselemente verschiedener Bau- und Bergbaumaschinen, die auch f\u00fcr schwierigere Arbeitsbedingungen und h\u00f6here Lasten geeignet sind&#8230;.<\/p>\n","protected":false},"author":1,"featured_media":0,"parent":0,"menu_order":0,"comment_status":"closed","ping_status":"closed","template":"","meta":{"inline_featured_image":false,"footnotes":""},"class_list":["post-17592","page","type-page","status-publish","hentry"],"_links":{"self":[{"href":"https:\/\/bastl.pro\/de\/wp-json\/wp\/v2\/pages\/17592","targetHints":{"allow":["GET"]}}],"collection":[{"href":"https:\/\/bastl.pro\/de\/wp-json\/wp\/v2\/pages"}],"about":[{"href":"https:\/\/bastl.pro\/de\/wp-json\/wp\/v2\/types\/page"}],"author":[{"embeddable":true,"href":"https:\/\/bastl.pro\/de\/wp-json\/wp\/v2\/users\/1"}],"replies":[{"embeddable":true,"href":"https:\/\/bastl.pro\/de\/wp-json\/wp\/v2\/comments?post=17592"}],"version-history":[{"count":0,"href":"https:\/\/bastl.pro\/de\/wp-json\/wp\/v2\/pages\/17592\/revisions"}],"wp:attachment":[{"href":"https:\/\/bastl.pro\/de\/wp-json\/wp\/v2\/media?parent=17592"}],"curies":[{"name":"wp","href":"https:\/\/api.w.org\/{rel}","templated":true}]}}