{"id":17583,"date":"2016-12-05T16:29:56","date_gmt":"2016-12-05T15:29:56","guid":{"rendered":"https:\/\/bastl.freshlab.si\/domov\/"},"modified":"2022-02-18T12:18:03","modified_gmt":"2022-02-18T11:18:03","slug":"startseite","status":"publish","type":"page","link":"https:\/\/bastl.pro\/de\/","title":{"rendered":"Startseite"},"content":{"rendered":"<div class=\"vgblk-rw-wrapper limit-wrapper\">\n<h3>\n\t\t\t<a href=\"https:\/\/bastl.pro\/de\/produkte\/\" title=\"Herstellung von Metallerzeugnissen\" target=\"_self\" rel=\"noopener\">\n\tHerstellung von Metallerzeugnissen\n\t\t\t<\/a>\n\t<\/h3>\n\t<p>Basierend auf dem Muster Ihres Produkts werden wir es mit moderner technologischer Ausr\u00fcstung und erfahrenem Personal herstellen.<\/p>\n<h3>\n\t\t\t<a href=\"https:\/\/bastl.pro\/de\/dienstleistungen\/\" title=\"Bearbeitung\" target=\"_self\" rel=\"noopener\">\n\tBearbeitung\n\t\t\t<\/a>\n\t<\/h3>\n\t<p>Alles vom Schneiden, Drehen, Fr\u00e4sen, Schleifen und Bohren bis zum Ziehen und Schleifen von Durchmessern und Zahnr\u00e4der.<\/p>\n<h3>\n\t\t\t<a href=\"https:\/\/bastl.pro\/de\/dienstleistungen\/\" title=\"Messdienstleistun-gen\" target=\"_self\" rel=\"noopener\">\n\tMessdienstleistun-gen\n\t\t\t<\/a>\n\t<\/h3>\n\t<p>Wir bieten H\u00e4rtemessungen, Getriebe und andere 3D-Messungen an.<\/p>\n<h3>\n\t\t\t<a href=\"https:\/\/bastl.pro\/de\/dienstleistungen\/\" title=\"Getriebeservice\" target=\"_self\" rel=\"noopener\">\n\tGetriebeservice\n\t\t\t<\/a>\n\t<\/h3>\n\t<p>Wir helfen Ihnen bei der Wartung und allgemeinen Reparatur von Getrieben und Multiplikatoren.<\/p>\n<h5>\n\tBASTL D.O.O.\n\t<\/h5>\n\t<h2>Hohe Ziele,<br \/>\n<strong>inspirierende L\u00f6sungen.<\/strong><\/h2>\n\t<p>Qualit\u00e4t, Zuverl\u00e4ssigkeit und echte Partnerschaften schaffen Zufriedenheit und Erfolg f\u00fcr in- und ausl\u00e4ndische Kunden.<\/p>\n<p>Mit unserer Vision von Entwicklung wollen wir unter den Besten bleiben und noch besser werden.<\/p>\n<h2>\n\tSeit 1966\n\t<\/h2>\n\t<p><strong>Ein Familienunternehmen mit Tradition<\/strong><\/p>\n\t<h2 id=\"tw-target-text\" dir=\"ltr\" data-placeholder=\"Prevod\"><strong>Dienstleistungen von h\u00f6chster Qualit\u00e4t<\/strong><\/h2>\n\t<p>Langj\u00e4hrige Erfahrungen, Wissen und moderne Messmethoden und systeme spiegeln hochwertige Produkte wider, die in verschiedene Endprodukte eingebaut sind.<\/p>\n\t<p><strong>Qualit\u00e4tszertifikate<\/strong><\/p>\n\u25ce\u00a0 \u00a0 ISO 9001:2015<br \/>\n\u25ce\u00a0 \u00a0 ISO 14001:2015\n\t<a href=\"https:\/\/bastl.pro\/de\/dienstleistungen\/\" target=\"_self\" role=\"button\" rel=\"noopener\">\n\t\t\t\t\tUnsere Dienstleistungen\n\t<\/a>\n<h5>\n\tINTERNATIONALE UMSETZUNG\n\t<\/h5>\n\t<h2>Pr\u00e4sent im Heimat,und<br \/>\n<strong>Ausland.<\/strong><\/h2>\n\t<p>In anspruchsvollen internationalen M\u00e4rkten setzen wir verschiedene Projekte erfolgreich um, schaffen gute Gesch\u00e4ftsbeziehungen und tragen zur Verbesserung der Lebensqualit\u00e4t bei.<\/p>\n<h5>\n\tBEGLEITEN SIE UNS\n\t<\/h5>\n\t<h2>Lassen Sie uns eine bessere <strong>Zukunft schaffen.<\/strong><\/h2>\n\t<p>Wir haben immer einen Platz f\u00fcr Menschen, die mit ihrem Wissen zur Qualit\u00e4t unseres Gesch\u00e4fts beitragen k\u00f6nnen. Schreiben Sie etwas \u00fcber sich selbst und beweisen Sie, warum wir Sie einstellen sollten.<\/p>\n\t<a href=\"https:\/\/bastl.pro\/de\/bechaftigung\/\" target=\"_self\" role=\"button\" rel=\"noopener\">\n\t\t\t\t\tStellenangebote\n\t<\/a>\n\n<\/div><!-- .vgblk-rw-wrapper -->","protected":false},"excerpt":{"rendered":"<p>Herstellung von Metallerzeugnissen Basierend auf dem Muster Ihres Produkts werden wir es mit moderner technologischer Ausr\u00fcstung und erfahrenem Personal herstellen. Bearbeitung Alles vom Schneiden, Drehen, Fr\u00e4sen, Schleifen und Bohren bis zum Ziehen und Schleifen von Durchmessern und Zahnr\u00e4der. Messdienstleistun-gen Wir bieten H\u00e4rtemessungen, Getriebe und andere 3D-Messungen an. Getriebeservice Wir helfen Ihnen bei der Wartung und&#8230;<\/p>\n","protected":false},"author":1,"featured_media":0,"parent":0,"menu_order":0,"comment_status":"closed","ping_status":"closed","template":"","meta":{"inline_featured_image":false,"footnotes":""},"class_list":["post-17583","page","type-page","status-publish","hentry"],"_links":{"self":[{"href":"https:\/\/bastl.pro\/de\/wp-json\/wp\/v2\/pages\/17583","targetHints":{"allow":["GET"]}}],"collection":[{"href":"https:\/\/bastl.pro\/de\/wp-json\/wp\/v2\/pages"}],"about":[{"href":"https:\/\/bastl.pro\/de\/wp-json\/wp\/v2\/types\/page"}],"author":[{"embeddable":true,"href":"https:\/\/bastl.pro\/de\/wp-json\/wp\/v2\/users\/1"}],"replies":[{"embeddable":true,"href":"https:\/\/bastl.pro\/de\/wp-json\/wp\/v2\/comments?post=17583"}],"version-history":[{"count":0,"href":"https:\/\/bastl.pro\/de\/wp-json\/wp\/v2\/pages\/17583\/revisions"}],"wp:attachment":[{"href":"https:\/\/bastl.pro\/de\/wp-json\/wp\/v2\/media?parent=17583"}],"curies":[{"name":"wp","href":"https:\/\/api.w.org\/{rel}","templated":true}]}}